{"id":361,"date":"2022-10-18T01:20:03","date_gmt":"2022-10-17T23:20:03","guid":{"rendered":"https:\/\/www.welt-der-sinne.org\/?page_id=361"},"modified":"2022-10-20T18:31:37","modified_gmt":"2022-10-20T16:31:37","slug":"museumsnacht-2022","status":"publish","type":"page","link":"https:\/\/www.welt-der-sinne.org\/?page_id=361","title":{"rendered":"Museumsnacht 2022"},"content":{"rendered":"\n\n\n<h4>Sind Illusionen \u201egelogen wie gedruckt\u201c oder digital \u201egefacked\u201c? <br><br><\/h4>\n\n\n\n<figure id=\"attachment_368\" aria-describedby=\"caption-attachment-368\" style=\"width: 525px\" class=\"wp-caption alignnone\"><a href=\"http:\/\/www.welt-der-sinne.org\/wp-content\/uploads\/2022\/10\/2W6A0105_www.jpg\"><img loading=\"lazy\" class=\"wp-image-368 size-large\" src=\"http:\/\/www.welt-der-sinne.org\/wp-content\/uploads\/2022\/10\/2W6A0105_www-1024x683.jpg\" alt=\"\" width=\"525\" height=\"350\" srcset=\"https:\/\/www.welt-der-sinne.org\/wp-content\/uploads\/2022\/10\/2W6A0105_www-1024x683.jpg 1024w, https:\/\/www.welt-der-sinne.org\/wp-content\/uploads\/2022\/10\/2W6A0105_www-300x200.jpg 300w, https:\/\/www.welt-der-sinne.org\/wp-content\/uploads\/2022\/10\/2W6A0105_www-768x512.jpg 768w, https:\/\/www.welt-der-sinne.org\/wp-content\/uploads\/2022\/10\/2W6A0105_www-1536x1024.jpg 1536w, https:\/\/www.welt-der-sinne.org\/wp-content\/uploads\/2022\/10\/2W6A0105_www.jpg 1824w\" sizes=\"(max-width: 525px) 100vw, 525px\" \/><\/a><figcaption id=\"caption-attachment-368\" class=\"wp-caption-text\">Auch Neue Medien sind zur Museumsnacht in das Mitmachmuseum eingeflossen. Hier eine Hommage an Leonardo da Vinci und seiner Mona Lisa.<\/figcaption><\/figure>\n<p>&nbsp;<\/p>\n<p>&#8222;Ich glaube nur, was ich sehe!&#8220; &#8211; Das ist ein gro\u00dfer Trugschluss. Im Mitmachmuseum k\u00f6nnen wir mehrere unserer Sinne zur \u00dcberpr\u00fcfung einsetzen und sind oft \u00fcber unsere eigene falsche Wahrnehmung irritiert. Unser Gehirn zeigt uns nicht die Realit\u00e4t, sondern wie es sich, aus fr\u00fcheren Erfahrungen, die Welt zusammenf\u00fcgt. <br>So lautete f\u00fcr die Museumsnacht 2022 das Thema der Welt der Sinne.<\/p>\n<figure id=\"attachment_367\" aria-describedby=\"caption-attachment-367\" style=\"width: 200px\" class=\"wp-caption alignleft\"><a href=\"http:\/\/www.welt-der-sinne.org\/wp-content\/uploads\/2022\/10\/2W6A0118_www.jpg\"><img loading=\"lazy\" class=\"wp-image-367 size-medium\" src=\"http:\/\/www.welt-der-sinne.org\/wp-content\/uploads\/2022\/10\/2W6A0118_www-200x300.jpg\" alt=\"\" width=\"200\" height=\"300\" srcset=\"https:\/\/www.welt-der-sinne.org\/wp-content\/uploads\/2022\/10\/2W6A0118_www-200x300.jpg 200w, https:\/\/www.welt-der-sinne.org\/wp-content\/uploads\/2022\/10\/2W6A0118_www-683x1024.jpg 683w, https:\/\/www.welt-der-sinne.org\/wp-content\/uploads\/2022\/10\/2W6A0118_www-768x1152.jpg 768w, https:\/\/www.welt-der-sinne.org\/wp-content\/uploads\/2022\/10\/2W6A0118_www-1024x1536.jpg 1024w, https:\/\/www.welt-der-sinne.org\/wp-content\/uploads\/2022\/10\/2W6A0118_www.jpg 1216w\" sizes=\"(max-width: 200px) 100vw, 200px\" \/><\/a><figcaption id=\"caption-attachment-367\" class=\"wp-caption-text\">Reversible Realit\u00e4t, war ein Thema der Ausstellung. Hier eine Installation, in der es scheint, dass das Dach zu vier H\u00e4usern geh\u00f6rt. Eine Weitere reversible Realit\u00e4tsinstallation ist neu in einer Fensternische des alten Forstamtes eingebaut.<\/figcaption><\/figure>\n<p>Nach \u00fcber 2 Jahren Abstinenz durch die Coronama\u00dfnahmen konnten am 8. Oktober die Besucher nicht nur bekanntes, sondern auch mehrere neue Exponate im Mitmachmuseum erleben. Der Andrang war f\u00fcr das kleine Museum doch recht gro\u00df und die Besucher, meist Familien mit Kindern waren zum Teil \u00fcber eine Stunde interessiert bei dem Experimentieren dabei.&nbsp;<\/p>\n\n\n\n<p>&#8222;Wir sind zwar wieder unglaublich motiviert&#8220;, so Karl-Eugen Siegel w\u00e4hrend der Museumsnacht, &#8222;doch mit den f\u00fcr den Herbst und Winter erneut angek\u00fcndigten Vorgaben, l\u00e4sst sich das Mitmachmuseum nicht regul\u00e4r \u00f6ffnen. Wir machen bei kleineren Gruppen eine Ausnahme und bitte daher um entsprechende telefonische Anmeldung!&#8220; <\/p>\n\n\n\n<p>Zwei neue Installationen sind von au\u00dfen zu sehen. Auf der Seite des Forstamtes zum Bahnhof gerichtet, erkennen Passanten in der Regel eine Frau hinter dem Fenster. Doch bei n\u00e4herer Betrachtung, vor allem von innen erkennt man, dass Mann, aber auch Frau hier einer Illusion aufgesessen ist. <\/p>\n\n\n\n<div style=\"width: 525px;\" class=\"wp-video\"><!--[if lt IE 9]><script>document.createElement('video');<\/script><![endif]-->\n<video class=\"wp-video-shortcode\" id=\"video-361-1\" width=\"525\" height=\"295\" preload=\"metadata\" controls=\"controls\"><source type=\"video\/mp4\" src=\"http:\/\/www.welt-der-sinne.org\/wp-content\/uploads\/2022\/10\/Frau-am-Fenster.mp4?_=1\" \/><a href=\"http:\/\/www.welt-der-sinne.org\/wp-content\/uploads\/2022\/10\/Frau-am-Fenster.mp4\">http:\/\/www.welt-der-sinne.org\/wp-content\/uploads\/2022\/10\/Frau-am-Fenster.mp4<\/a><\/video><\/div>\n\n\n\n<p>Film: &#8222;Eine Frau am Fenster&#8220; des Mitmachmuseums<\/p>\n","protected":false},"excerpt":{"rendered":"<p>Sind Illusionen \u201egelogen wie gedruckt\u201c oder digital \u201egefacked\u201c? &nbsp; &#8222;Ich glaube nur, was ich sehe!&#8220; &#8211; Das ist ein gro\u00dfer Trugschluss. Im Mitmachmuseum k\u00f6nnen wir mehrere unserer Sinne zur \u00dcberpr\u00fcfung einsetzen und sind oft \u00fcber unsere eigene falsche Wahrnehmung irritiert. Unser Gehirn zeigt uns nicht die Realit\u00e4t, sondern wie es sich, aus fr\u00fcheren Erfahrungen, die &hellip; <\/p>\n<p class=\"link-more\"><a href=\"https:\/\/www.welt-der-sinne.org\/?page_id=361\" class=\"more-link\"><span class=\"screen-reader-text\">\u201eMuseumsnacht 2022\u201c<\/span> weiterlesen<\/a><\/p>\n","protected":false},"author":1,"featured_media":0,"parent":0,"menu_order":0,"comment_status":"closed","ping_status":"closed","template":"","meta":[],"_links":{"self":[{"href":"https:\/\/www.welt-der-sinne.org\/index.php?rest_route=\/wp\/v2\/pages\/361"}],"collection":[{"href":"https:\/\/www.welt-der-sinne.org\/index.php?rest_route=\/wp\/v2\/pages"}],"about":[{"href":"https:\/\/www.welt-der-sinne.org\/index.php?rest_route=\/wp\/v2\/types\/page"}],"author":[{"embeddable":true,"href":"https:\/\/www.welt-der-sinne.org\/index.php?rest_route=\/wp\/v2\/users\/1"}],"replies":[{"embeddable":true,"href":"https:\/\/www.welt-der-sinne.org\/index.php?rest_route=%2Fwp%2Fv2%2Fcomments&post=361"}],"version-history":[{"count":6,"href":"https:\/\/www.welt-der-sinne.org\/index.php?rest_route=\/wp\/v2\/pages\/361\/revisions"}],"predecessor-version":[{"id":384,"href":"https:\/\/www.welt-der-sinne.org\/index.php?rest_route=\/wp\/v2\/pages\/361\/revisions\/384"}],"wp:attachment":[{"href":"https:\/\/www.welt-der-sinne.org\/index.php?rest_route=%2Fwp%2Fv2%2Fmedia&parent=361"}],"curies":[{"name":"wp","href":"https:\/\/api.w.org\/{rel}","templated":true}]}}