{"id":343,"date":"2022-07-06T16:32:17","date_gmt":"2022-07-06T14:32:17","guid":{"rendered":"https:\/\/www.welt-der-sinne.org\/?page_id=343"},"modified":"2022-07-06T17:16:45","modified_gmt":"2022-07-06T15:16:45","slug":"colibri-wp","status":"publish","type":"page","link":"https:\/\/www.welt-der-sinne.org\/","title":{"rendered":"Herzlich Willkommen!"},"content":{"rendered":"\n<p>Leider ist es uns momentan nicht m\u00f6glich, Sie im Mitmachmuseum &#8222;Welt der Sinne&#8220; so gegen eine m\u00f6gliche \u00dcbertragung von Corona zu sch\u00fctzen, dass wir Sie mit ruhigem Gewissen &#8222;Willkommen&#8220; hei\u00dfen k\u00f6nnten. Wir br\u00e4uchten fast f\u00fcr jedes Exponat eine Person, die dieses st\u00e4ndig desinfiziert. Und das ist nicht m\u00f6glich.<\/p>\n<p>Bitte haben Sie daf\u00fcr Verst\u00e4ndnis.<\/p>\n<p>\u00a0<\/p>\n<p>\u00a0<\/p>\n","protected":false},"excerpt":{"rendered":"<p>Leider ist es uns momentan nicht m\u00f6glich, Sie im Mitmachmuseum &#8222;Welt der Sinne&#8220; so gegen eine m\u00f6gliche \u00dcbertragung von Corona zu sch\u00fctzen, dass wir Sie mit ruhigem Gewissen &#8222;Willkommen&#8220; hei\u00dfen k\u00f6nnten. Wir br\u00e4uchten fast f\u00fcr jedes Exponat eine Person, die dieses st\u00e4ndig desinfiziert. Und das ist nicht m\u00f6glich. Bitte haben Sie daf\u00fcr Verst\u00e4ndnis. \u00a0 \u00a0<\/p>\n","protected":false},"author":1,"featured_media":71,"parent":0,"menu_order":0,"comment_status":"closed","ping_status":"closed","template":"page-templates\/homepage.php","meta":[],"_links":{"self":[{"href":"https:\/\/www.welt-der-sinne.org\/index.php?rest_route=\/wp\/v2\/pages\/343"}],"collection":[{"href":"https:\/\/www.welt-der-sinne.org\/index.php?rest_route=\/wp\/v2\/pages"}],"about":[{"href":"https:\/\/www.welt-der-sinne.org\/index.php?rest_route=\/wp\/v2\/types\/page"}],"author":[{"embeddable":true,"href":"https:\/\/www.welt-der-sinne.org\/index.php?rest_route=\/wp\/v2\/users\/1"}],"replies":[{"embeddable":true,"href":"https:\/\/www.welt-der-sinne.org\/index.php?rest_route=%2Fwp%2Fv2%2Fcomments&post=343"}],"version-history":[{"count":5,"href":"https:\/\/www.welt-der-sinne.org\/index.php?rest_route=\/wp\/v2\/pages\/343\/revisions"}],"predecessor-version":[{"id":355,"href":"https:\/\/www.welt-der-sinne.org\/index.php?rest_route=\/wp\/v2\/pages\/343\/revisions\/355"}],"wp:featuredmedia":[{"embeddable":true,"href":"https:\/\/www.welt-der-sinne.org\/index.php?rest_route=\/wp\/v2\/media\/71"}],"wp:attachment":[{"href":"https:\/\/www.welt-der-sinne.org\/index.php?rest_route=%2Fwp%2Fv2%2Fmedia&parent=343"}],"curies":[{"name":"wp","href":"https:\/\/api.w.org\/{rel}","templated":true}]}}