{"id":20,"date":"2012-10-24T15:16:12","date_gmt":"2012-10-24T13:16:12","guid":{"rendered":"http:\/\/54554612.swh.strato-hosting.eu\/wds\/?page_id=20"},"modified":"2013-01-23T22:32:39","modified_gmt":"2013-01-23T20:32:39","slug":"optische-illusionen-unmogliche-welten","status":"publish","type":"page","link":"https:\/\/www.welt-der-sinne.org\/?page_id=20","title":{"rendered":"Optische Illusionen &#038; unm\u00f6gliche Welten."},"content":{"rendered":"<h4>Vom visuellen Reiz zum Erkennen!<\/h4>\n<p>Erleben Sie im Mitmachmuseum \u201eWelt der Sinne\u201c erneut die Faszination Ihrer Sinne und Ihres Gehirns. Was die Sinne wahrnehmen, wird in Ihrem Gehirn registriert und ausgewertet, daraus entsteht Ihre ganz individuelle Sichtweise der realen Welt. Die im Gehirn abgespeicherten Erfahrungen werden st\u00e4ndig mit den aktuellen Reizen ver- und abgeglichen. Wenn hier nun gravierende Abweichungen vorkommen, so bringt uns dies in einen Konflikt, den wir versuchen, durch eine m\u00f6glichst gute Interpretation zu l\u00f6sen. Was hierbei herauskommen kann, ist im Mitmachmuseum auf eine lustige und am\u00fcsante Art zu erleben. Werden diese Irritationen durch Krankheiten oder Unf\u00e4lle in unseren Sinnesorganen und\/oder unserem Gehirn hervorgerufen, so \u00e4ndert sich nicht nur momentan unsere Sichtweise, sondern dies hat dann auch erheblich Auswirkungen auf das allt\u00e4gliche Leben. Viele optische T\u00e4uschungen haben nicht mit einer falschen \u201eOptik\u201c zu tun, sondern sind Hirnleistungsst\u00f6rungen, doch \u201eoptische Illusionen\u201c h\u00f6ren sich viel netter an!<\/p>\n<p><a href=\"http:\/\/54554612.swh.strato-hosting.eu\/wds\/wp-content\/uploads\/2012\/10\/Behaelter-Stuhlspiegelung.jpg\"><img loading=\"lazy\" class=\"size-thumbnail wp-image-25 alignleft\" title=\"OLYMPUS DIGITAL CAMERA\" src=\"http:\/\/54554612.swh.strato-hosting.eu\/wds\/wp-content\/uploads\/2012\/10\/Behaelter-Stuhlspiegelung-150x150.jpg\" alt=\"\" width=\"150\" height=\"150\" \/><\/a>Wahrnehmungst\u00e4uschungen gibt es nat\u00fcrlich mit all unseren Sinnen, doch wir verlassen uns vornehmlich auf unsere Augen. Daher gibt es eine Vielzahl von unterschiedlichsten optischen T\u00e4uschungen.<\/p>\n<p>Erleben Sie zum Beispiel, wie sich Farben ver\u00e4ndern, Objekte sich der Farbgestaltung der Umgebung anpassen, sich die Gr\u00f6\u00dfe ohne Zutun ver\u00e4ndert, oder Bilder entstehen, die so gar nicht vorhanden sind.<\/p>\n<p>Lassen Sie sich nicht t\u00e4uschen! Vieles, was Sie im Mitmachmuseum erleben, ist nicht real. Sie werden manche Ihrer Erfahrungen korrigieren m\u00fcssen.<\/p>\n<p>Kommen Sie vorbei und experimentieren Sie selbst.<\/p>\n","protected":false},"excerpt":{"rendered":"<p>Vom visuellen Reiz zum Erkennen! Erleben Sie im Mitmachmuseum \u201eWelt der Sinne\u201c erneut die Faszination Ihrer Sinne und Ihres Gehirns. Was die Sinne wahrnehmen, wird in Ihrem Gehirn registriert und ausgewertet, daraus entsteht Ihre ganz individuelle Sichtweise der realen Welt. Die im Gehirn abgespeicherten Erfahrungen werden st\u00e4ndig mit den aktuellen Reizen ver- und abgeglichen. Wenn &hellip; <\/p>\n<p class=\"link-more\"><a href=\"https:\/\/www.welt-der-sinne.org\/?page_id=20\" class=\"more-link\"><span class=\"screen-reader-text\">\u201eOptische Illusionen &#038; unm\u00f6gliche Welten.\u201c<\/span> weiterlesen<\/a><\/p>\n","protected":false},"author":1,"featured_media":27,"parent":0,"menu_order":0,"comment_status":"open","ping_status":"open","template":"","meta":[],"_links":{"self":[{"href":"https:\/\/www.welt-der-sinne.org\/index.php?rest_route=\/wp\/v2\/pages\/20"}],"collection":[{"href":"https:\/\/www.welt-der-sinne.org\/index.php?rest_route=\/wp\/v2\/pages"}],"about":[{"href":"https:\/\/www.welt-der-sinne.org\/index.php?rest_route=\/wp\/v2\/types\/page"}],"author":[{"embeddable":true,"href":"https:\/\/www.welt-der-sinne.org\/index.php?rest_route=\/wp\/v2\/users\/1"}],"replies":[{"embeddable":true,"href":"https:\/\/www.welt-der-sinne.org\/index.php?rest_route=%2Fwp%2Fv2%2Fcomments&post=20"}],"version-history":[{"count":13,"href":"https:\/\/www.welt-der-sinne.org\/index.php?rest_route=\/wp\/v2\/pages\/20\/revisions"}],"predecessor-version":[{"id":149,"href":"https:\/\/www.welt-der-sinne.org\/index.php?rest_route=\/wp\/v2\/pages\/20\/revisions\/149"}],"wp:featuredmedia":[{"embeddable":true,"href":"https:\/\/www.welt-der-sinne.org\/index.php?rest_route=\/wp\/v2\/media\/27"}],"wp:attachment":[{"href":"https:\/\/www.welt-der-sinne.org\/index.php?rest_route=%2Fwp%2Fv2%2Fmedia&parent=20"}],"curies":[{"name":"wp","href":"https:\/\/api.w.org\/{rel}","templated":true}]}}